{"id":2,"date":"2025-08-29T10:29:22","date_gmt":"2025-08-29T10:29:22","guid":{"rendered":"https:\/\/diyetisyenesma.com\/?page_id=2"},"modified":"2025-08-29T10:47:14","modified_gmt":"2025-08-29T10:47:14","slug":"sample-page","status":"publish","type":"page","link":"https:\/\/diyetisyenesma.com\/?page_id=2","title":{"rendered":"Sa\u011fl\u0131kl\u0131 Ya\u015fam\u0131n \u0130lk Ad\u0131m\u0131: Diyetisyenlik"},"content":{"rendered":"\n<p>Diyetisyenlik, yaln\u0131zca kilo verme s\u00fcrecini y\u00f6nlendiren bir meslek de\u011fildir; sa\u011fl\u0131kl\u0131 beslenme al\u0131\u015fkanl\u0131klar\u0131n\u0131 ya\u015fam boyu s\u00fcrd\u00fcr\u00fclebilir hale getiren bir bilim dal\u0131d\u0131r. Bireyin ya\u015f\u0131na, cinsiyetine, ya\u015fam tarz\u0131na, sa\u011fl\u0131k durumuna ve hedeflerine g\u00f6re ki\u015fiye \u00f6zel beslenme programlar\u0131 haz\u0131rlan\u0131r.<\/p>\n\n\n\n<p>Profesyonel diyetisyenler; obezite, diyabet, kalp-damar hastal\u0131klar\u0131, sindirim problemleri veya sporcu beslenmesi gibi alanlarda bilimsel veriler \u0131\u015f\u0131\u011f\u0131nda rehberlik eder. B\u00f6ylece, yanl\u0131\u015f diyet uygulamalar\u0131n\u0131n yol a\u00e7abilece\u011fi sa\u011fl\u0131k sorunlar\u0131n\u0131n \u00f6n\u00fcne ge\u00e7ilir.<\/p>\n\n\n\n<p>Diyetisyenlik; sa\u011fl\u0131kl\u0131 kilo y\u00f6netimi, do\u011fru beslenme al\u0131\u015fkanl\u0131klar\u0131n\u0131n kazand\u0131r\u0131lmas\u0131 ve hastal\u0131klara kar\u015f\u0131 koruyucu ya\u015fam tarz\u0131 planlar\u0131n\u0131n olu\u015fturulmas\u0131nda \u00f6nemli bir rol \u00fcstlenir. Hedef; yaln\u0131zca k\u0131sa s\u00fcreli \u00e7\u00f6z\u00fcmler de\u011fil, bireyin t\u00fcm ya\u015fam\u0131na yay\u0131lan bir denge kurmakt\u0131r.<\/p>\n\n\n\n<p>Do\u011fru beslenme, sa\u011fl\u0131kl\u0131 bir gelece\u011fin anahtar\u0131d\u0131r. Bilimsel bilgiyle desteklenen profesyonel bir rehberlik, bu yolculu\u011fu daha g\u00fcvenli ve etkili hale getirir.<\/p>\n","protected":false},"excerpt":{"rendered":"<p>Diyetisyenlik, yaln\u0131zca kilo verme s\u00fcrecini y\u00f6nlendiren bir meslek de\u011fildir; sa\u011fl\u0131kl\u0131 beslenme al\u0131\u015fkanl\u0131klar\u0131n\u0131 ya\u015fam boyu s\u00fcrd\u00fcr\u00fclebilir hale getiren bir bilim dal\u0131d\u0131r. Bireyin ya\u015f\u0131na, cinsiyetine, ya\u015fam tarz\u0131na, sa\u011fl\u0131k durumuna ve hedeflerine g\u00f6re ki\u015fiye \u00f6zel beslenme programlar\u0131 haz\u0131rlan\u0131r. Profesyonel diyetisyenler; obezite, diyabet, kalp-damar hastal\u0131klar\u0131, sindirim problemleri veya sporcu beslenmesi gibi alanlarda bilimsel veriler \u0131\u015f\u0131\u011f\u0131nda rehberlik eder. B\u00f6ylece, yanl\u0131\u015f [&hellip;]<\/p>\n","protected":false},"author":1,"featured_media":0,"parent":0,"menu_order":0,"comment_status":"closed","ping_status":"open","template":"","meta":{"footnotes":""},"class_list":["post-2","page","type-page","status-publish","hentry"],"_links":{"self":[{"href":"https:\/\/diyetisyenesma.com\/index.php?rest_route=\/wp\/v2\/pages\/2","targetHints":{"allow":["GET"]}}],"collection":[{"href":"https:\/\/diyetisyenesma.com\/index.php?rest_route=\/wp\/v2\/pages"}],"about":[{"href":"https:\/\/diyetisyenesma.com\/index.php?rest_route=\/wp\/v2\/types\/page"}],"author":[{"embeddable":true,"href":"https:\/\/diyetisyenesma.com\/index.php?rest_route=\/wp\/v2\/users\/1"}],"replies":[{"embeddable":true,"href":"https:\/\/diyetisyenesma.com\/index.php?rest_route=%2Fwp%2Fv2%2Fcomments&post=2"}],"version-history":[{"count":1,"href":"https:\/\/diyetisyenesma.com\/index.php?rest_route=\/wp\/v2\/pages\/2\/revisions"}],"predecessor-version":[{"id":12,"href":"https:\/\/diyetisyenesma.com\/index.php?rest_route=\/wp\/v2\/pages\/2\/revisions\/12"}],"wp:attachment":[{"href":"https:\/\/diyetisyenesma.com\/index.php?rest_route=%2Fwp%2Fv2%2Fmedia&parent=2"}],"curies":[{"name":"wp","href":"https:\/\/api.w.org\/{rel}","templated":true}]}}